{"id":46,"date":"2026-03-17T04:30:20","date_gmt":"2026-03-17T04:30:20","guid":{"rendered":"https:\/\/thuongmatemade.io.vn\/?post_type=product&#038;p=46"},"modified":"2026-03-17T14:32:41","modified_gmt":"2026-03-17T14:32:41","slug":"tui-matemade","status":"publish","type":"product","link":"https:\/\/thuongmatemade.io.vn\/?product=tui-matemade","title":{"rendered":"T\u00fai X\u00e1ch Tay C\u00f4ng S\u1edf Classic"},"content":{"rendered":"<p data-path-to-node=\"4\">Gi\u1eefa nh\u1ecbp s\u1ed1ng hi\u1ec7n \u0111\u1ea1i h\u1ed1i h\u1ea3, m\u1ed9t chi\u1ebfc t\u00fai kh\u00f4ng ch\u1ec9 \u0111\u01a1n thu\u1ea7n l\u00e0 ph\u1ee5 ki\u1ec7n l\u01b0u tr\u1eef \u0111\u1ed3 \u0111\u1ea1c, m\u00e0 c\u00f2n l\u00e0 &#8220;ng\u01b0\u1eddi b\u1ea1n \u0111\u1ed3ng h\u00e0nh&#8221; th\u1ec3 hi\u1ec7n c\u00e1 t\u00ednh v\u00e0 phong c\u00e1ch s\u1ed1ng c\u1ee7a b\u1ea1n. S\u1ea3n ph\u1ea9m \u0111\u1ebfn t\u1eeb nh\u00e0 <b data-path-to-node=\"4\" data-index-in-node=\"191\">matemade<\/b> \u0111\u01b0\u1ee3c thi\u1ebft k\u1ebf v\u1edbi tinh th\u1ea7n t\u1ed1i gi\u1ea3n, \u0111\u1ec1 cao t\u00ednh \u1ee9ng d\u1ee5ng cao, s\u1eb5n s\u00e0ng c\u00f9ng b\u1ea1n t\u1ef1 tin b\u01b0\u1edbc \u0111i m\u1ed7i ng\u00e0y.<\/p>\n<p data-path-to-node=\"5\"><b data-path-to-node=\"5\" data-index-in-node=\"0\">\ud83c\udf1f \u0110i\u1ec3m N\u1ed5i B\u1eadt C\u1ee7a S\u1ea3n Ph\u1ea9m:<\/b><\/p>\n<ul data-path-to-node=\"6\">\n<li>\n<p data-path-to-node=\"6,0,0\"><b data-path-to-node=\"6,0,0\" data-index-in-node=\"0\">Thi\u1ebft K\u1ebf T\u1ed1i Gi\u1ea3n, V\u01b0\u1ee3t Th\u1eddi Gian:<\/b> \u0110\u01b0\u1eddng n\u00e9t tinh t\u1ebf, phom d\u00e1ng hi\u1ec7n \u0111\u1ea1i gi\u00fap b\u1ea1n d\u1ec5 d\u00e0ng ph\u1ed1i h\u1ee3p v\u1edbi m\u1ecdi trang ph\u1ee5c (mix &amp; match), t\u1eeb trang ph\u1ee5c c\u00f4ng s\u1edf ch\u1ec9n chu \u0111\u1ebfn outfit d\u1ea1o ph\u1ed1 n\u0103ng \u0111\u1ed9ng.<\/p>\n<\/li>\n<li>\n<p data-path-to-node=\"6,1,0\"><b data-path-to-node=\"6,1,0\" data-index-in-node=\"0\">Ch\u1ea5t Li\u1ec7u B\u1ec1n B\u1ec9 &amp; An To\u00e0n:<\/b> D\u00f9 l\u00e0 ch\u1ea5t li\u1ec7u v\u1ea3i m\u1ed9c m\u1ea1c hay da cao c\u1ea5p, matemade lu\u00f4n tuy\u1ec3n ch\u1ecdn v\u1eadt li\u1ec7u k\u1ef9 l\u01b0\u1ee1ng. B\u1ec1 m\u1eb7t ch\u1ea5t li\u1ec7u ch\u1ed1ng b\u00e1m b\u1ee5i t\u1ed1t, gi\u1eef phom d\u00e1ng chu\u1ea9n v\u00e0 b\u1ec1n b\u1ec9 theo n\u0103m th\u00e1ng.<\/p>\n<\/li>\n<li>\n<p data-path-to-node=\"6,2,0\"><b data-path-to-node=\"6,2,0\" data-index-in-node=\"0\">Kh\u00f4ng Gian L\u01b0u Tr\u1eef T\u1ed1i \u01afu:<\/b> Thi\u1ebft k\u1ebf \u0111\u01b0\u1ee3c t\u00ednh to\u00e1n th\u00f4ng minh v\u1edbi khoang ch\u1ee9a r\u1ed9ng r\u00e3i v\u00e0 c\u00e1c ng\u0103n ph\u1ee5 ti\u1ec7n l\u1ee3i, gi\u00fap b\u1ea1n s\u1eafp x\u1ebfp \u0111\u1ed3 \u0111\u1ea1c c\u00e1 nh\u00e2n (\u0111i\u1ec7n tho\u1ea1i, v\u00ed ti\u1ec1n, ch\u00eca kh\u00f3a, m\u1ef9 ph\u1ea9m&#8230;) m\u1ed9t c\u00e1ch g\u1ecdn g\u00e0ng, khoa h\u1ecdc.<\/p>\n<\/li>\n<li>\n<p data-path-to-node=\"6,3,0\"><b data-path-to-node=\"6,3,0\" data-index-in-node=\"0\">Tr\u1ea3i Nghi\u1ec7m \u0110eo Tho\u1ea3i M\u00e1i:<\/b> H\u1ec7 th\u1ed1ng d\u00e2y \u0111eo v\u00e0 tay c\u1ea7m \u0111\u01b0\u1ee3c gia c\u00f4ng ch\u1eafc ch\u1eafn, \u0111\u01b0\u1eddng may t\u1ec9 m\u1ec9, gi\u00fap ph\u00e2n b\u1ed5 l\u1ef1c t\u1ed1t v\u00e0 mang l\u1ea1i c\u1ea3m gi\u00e1c \u00eam \u00e1i d\u00f9 b\u1ea1n ph\u1ea3i di chuy\u1ec3n su\u1ed1t c\u1ea3 ng\u00e0y d\u00e0i.<\/p>\n<\/li>\n<\/ul>\n<p data-path-to-node=\"7\"><b data-path-to-node=\"7\" data-index-in-node=\"0\">\ud83d\udc5c T\u00ednh \u1ee8ng D\u1ee5ng \u0110a N\u0103ng:<\/b> V\u1edbi tri\u1ebft l\u00fd &#8220;Everyday Carry&#8221;, thi\u1ebft k\u1ebf c\u1ee7a matemade l\u00e0 s\u1ef1 l\u1ef1a ch\u1ecdn ho\u00e0n h\u1ea3o \u0111\u00e1p \u1ee9ng m\u1ecdi nhu c\u1ea7u sinh ho\u1ea1t: \u0111i l\u00e0m, \u0111i h\u1ecdc, nh\u1eefng bu\u1ed5i h\u1eb9n h\u00f2 c\u00e0 ph\u00ea cu\u1ed1i tu\u1ea7n hay c\u1ea3 nh\u1eefng chuy\u1ebfn \u0111i ng\u1eafn ng\u00e0y.<\/p>\n<p data-path-to-node=\"8\"><b data-path-to-node=\"8\" data-index-in-node=\"0\">T\u1ea1m k\u1ebft:<\/b> H\u00e3y \u0111\u1ec3 <b data-path-to-node=\"8\" data-index-in-node=\"16\">matemade<\/b> gi\u00fap b\u1ea1n tinh g\u1ecdn \u0111\u1ed3 \u0111\u1ea1c v\u00e0 n\u00e2ng t\u1ea7m phong c\u00e1ch m\u1ed7i ng\u00e0y. S\u1edf h\u1eefu ngay thi\u1ebft k\u1ebf n\u00e0y \u0111\u1ec3 tr\u1ea3i nghi\u1ec7m s\u1ef1 giao thoa ho\u00e0n h\u1ea3o gi\u1eefa t\u00ednh th\u1eddi trang v\u00e0 t\u00ednh \u1ee9ng d\u1ee5ng th\u1ef1c t\u1ebf!<\/p>\n","protected":false},"excerpt":{"rendered":"<p>Gi\u1eefa nh\u1ecbp s\u1ed1ng hi\u1ec7n \u0111\u1ea1i h\u1ed1i h\u1ea3, m\u1ed9t chi\u1ebfc t\u00fai kh\u00f4ng ch\u1ec9 \u0111\u01a1n thu\u1ea7n l\u00e0 ph\u1ee5 ki\u1ec7n l\u01b0u tr\u1eef \u0111\u1ed3 \u0111\u1ea1c, m\u00e0 c\u00f2n l\u00e0 &#8220;ng\u01b0\u1eddi b\u1ea1n \u0111\u1ed3ng h\u00e0nh&#8221; th\u1ec3 hi\u1ec7n c\u00e1 t\u00ednh v\u00e0 phong c\u00e1ch s\u1ed1ng c\u1ee7a b\u1ea1n. S\u1ea3n ph\u1ea9m \u0111\u1ebfn t\u1eeb nh\u00e0 matemade \u0111\u01b0\u1ee3c thi\u1ebft k\u1ebf v\u1edbi tinh th\u1ea7n t\u1ed1i gi\u1ea3n, \u0111\u1ec1 cao t\u00ednh [&#8230;]\n","protected":false},"featured_media":62,"comment_status":"open","ping_status":"closed","template":"","meta":[],"product_brand":[],"product_cat":[22],"product_tag":[],"class_list":{"0":"post-46","1":"product","2":"type-product","3":"status-publish","4":"has-post-thumbnail","6":"product_cat-tui-xach-tay","8":"first","9":"instock","10":"shipping-taxable","11":"purchasable","12":"product-type-simple"},"_links":{"self":[{"href":"https:\/\/thuongmatemade.io.vn\/index.php?rest_route=\/wp\/v2\/product\/46","targetHints":{"allow":["GET"]}}],"collection":[{"href":"https:\/\/thuongmatemade.io.vn\/index.php?rest_route=\/wp\/v2\/product"}],"about":[{"href":"https:\/\/thuongmatemade.io.vn\/index.php?rest_route=\/wp\/v2\/types\/product"}],"replies":[{"embeddable":true,"href":"https:\/\/thuongmatemade.io.vn\/index.php?rest_route=%2Fwp%2Fv2%2Fcomments&post=46"}],"wp:featuredmedia":[{"embeddable":true,"href":"https:\/\/thuongmatemade.io.vn\/index.php?rest_route=\/wp\/v2\/media\/62"}],"wp:attachment":[{"href":"https:\/\/thuongmatemade.io.vn\/index.php?rest_route=%2Fwp%2Fv2%2Fmedia&parent=46"}],"wp:term":[{"taxonomy":"product_brand","embeddable":true,"href":"https:\/\/thuongmatemade.io.vn\/index.php?rest_route=%2Fwp%2Fv2%2Fproduct_brand&post=46"},{"taxonomy":"product_cat","embeddable":true,"href":"https:\/\/thuongmatemade.io.vn\/index.php?rest_route=%2Fwp%2Fv2%2Fproduct_cat&post=46"},{"taxonomy":"product_tag","embeddable":true,"href":"https:\/\/thuongmatemade.io.vn\/index.php?rest_route=%2Fwp%2Fv2%2Fproduct_tag&post=46"}],"curies":[{"name":"wp","href":"https:\/\/api.w.org\/{rel}","templated":true}]}}