{"id":121,"date":"2026-03-18T08:09:54","date_gmt":"2026-03-18T08:09:54","guid":{"rendered":"https:\/\/thuongmatemade.io.vn\/?post_type=product&#038;p=121"},"modified":"2026-03-20T06:44:29","modified_gmt":"2026-03-20T06:44:29","slug":"tui-deo-cheo-mini-da-fiber","status":"publish","type":"product","link":"https:\/\/thuongmatemade.io.vn\/?product=tui-deo-cheo-mini-da-fiber","title":{"rendered":"T\u00fai \u0111eo ch\u00e9o mini da fiber"},"content":{"rendered":"<p>T\u00fai \u0111eo ch\u00e9o mini da fiber<\/p>\n<p>T\u00fai \u0111eo ch\u00e9o mini da fiber<\/p>\n<p>T\u00fai \u0111eo ch\u00e9o mini da fiber<\/p>\n<p>T\u00fai \u0111eo ch\u00e9o mini da fiber<\/p>\n<p>T\u00fai \u0111eo ch\u00e9o mini da fiber<\/p>\n","protected":false},"excerpt":{"rendered":"<p>T\u00fai \u0111eo ch\u00e9o mini da fiber T\u00fai \u0111eo ch\u00e9o mini da fiber T\u00fai \u0111eo ch\u00e9o mini da fiber T\u00fai \u0111eo ch\u00e9o mini da fiber T\u00fai \u0111eo ch\u00e9o mini da fiber<\/p>\n","protected":false},"featured_media":69,"comment_status":"open","ping_status":"closed","template":"","meta":[],"product_brand":[],"product_cat":[17,18],"product_tag":[],"class_list":{"0":"post-121","1":"product","2":"type-product","3":"status-publish","4":"has-post-thumbnail","6":"product_cat-chua-phan-loai","7":"product_cat-tui-deo-cheo","9":"first","10":"instock","11":"shipping-taxable","12":"product-type-simple"},"_links":{"self":[{"href":"https:\/\/thuongmatemade.io.vn\/index.php?rest_route=\/wp\/v2\/product\/121","targetHints":{"allow":["GET"]}}],"collection":[{"href":"https:\/\/thuongmatemade.io.vn\/index.php?rest_route=\/wp\/v2\/product"}],"about":[{"href":"https:\/\/thuongmatemade.io.vn\/index.php?rest_route=\/wp\/v2\/types\/product"}],"replies":[{"embeddable":true,"href":"https:\/\/thuongmatemade.io.vn\/index.php?rest_route=%2Fwp%2Fv2%2Fcomments&post=121"}],"wp:featuredmedia":[{"embeddable":true,"href":"https:\/\/thuongmatemade.io.vn\/index.php?rest_route=\/wp\/v2\/media\/69"}],"wp:attachment":[{"href":"https:\/\/thuongmatemade.io.vn\/index.php?rest_route=%2Fwp%2Fv2%2Fmedia&parent=121"}],"wp:term":[{"taxonomy":"product_brand","embeddable":true,"href":"https:\/\/thuongmatemade.io.vn\/index.php?rest_route=%2Fwp%2Fv2%2Fproduct_brand&post=121"},{"taxonomy":"product_cat","embeddable":true,"href":"https:\/\/thuongmatemade.io.vn\/index.php?rest_route=%2Fwp%2Fv2%2Fproduct_cat&post=121"},{"taxonomy":"product_tag","embeddable":true,"href":"https:\/\/thuongmatemade.io.vn\/index.php?rest_route=%2Fwp%2Fv2%2Fproduct_tag&post=121"}],"curies":[{"name":"wp","href":"https:\/\/api.w.org\/{rel}","templated":true}]}}